{"id":130,"date":"2023-06-13T18:31:35","date_gmt":"2023-06-13T18:31:35","guid":{"rendered":"https:\/\/cobatabjoven.org\/nmccems\/?page_id=130"},"modified":"2023-07-04T18:49:28","modified_gmt":"2023-07-04T18:49:28","slug":"orientaciones-pedagogicas","status":"publish","type":"page","link":"https:\/\/cobatabjoven.org\/nmccems\/index.php\/orientaciones-pedagogicas\/","title":{"rendered":"Orientaciones Pedag\u00f3gicas"},"content":{"rendered":"\n<h3 class=\"wp-block-heading\">\u00c1reas de conocimiento<\/h3>\n\n\n\n<div class=\"wp-block-columns is-layout-flex wp-container-4\">\n<div class=\"wp-block-column is-layout-flow\">\n<figure class=\"wp-block-image size-full is-resized\"><a href=\"https:\/\/cobatabjoven.org\/nmccems\/wp-content\/uploads\/2023\/06\/Orientaciones-pedagA%C2%B3gicas-CNEyT-2.pdf\"><img decoding=\"async\" loading=\"lazy\" src=\"https:\/\/cobatabjoven.org\/nmccems\/wp-content\/uploads\/2023\/07\/Captura-de-pantalla-2023-07-04-110726.png\" alt=\"\" class=\"wp-image-311\" width=\"309\" height=\"390\"\/><\/a><\/figure>\n<\/div>\n\n\n\n<div class=\"wp-block-column is-layout-flow\">\n<figure class=\"wp-block-image size-full is-resized\"><a href=\"https:\/\/cobatabjoven.org\/nmccems\/wp-content\/uploads\/2023\/06\/Orientaciones-pedagA%C2%B3gicas-Humanidades.pdf\"><img decoding=\"async\" loading=\"lazy\" src=\"https:\/\/cobatabjoven.org\/nmccems\/wp-content\/uploads\/2023\/07\/Captura-de-pantalla-2023-07-04-110740.png\" alt=\"\" class=\"wp-image-310\" width=\"309\" height=\"393\"\/><\/a><\/figure>\n<\/div>\n\n\n\n<div class=\"wp-block-column is-layout-flow\">\n<figure class=\"wp-block-image size-full is-resized\"><a href=\"https:\/\/cobatabjoven.org\/nmccems\/wp-content\/uploads\/2023\/06\/Orientaciones-pedagA%C2%B3gicas-Ciencias-Sociales.pdf\"><img decoding=\"async\" loading=\"lazy\" src=\"https:\/\/cobatabjoven.org\/nmccems\/wp-content\/uploads\/2023\/07\/Captura-de-pantalla-2023-07-04-110714.png\" alt=\"\" class=\"wp-image-312\" width=\"309\" height=\"393\"\/><\/a><\/figure>\n<\/div>\n<\/div>\n\n\n\n<p><\/p>\n\n\n\n<h3 class=\"wp-block-heading\">Recursos Sociocognitivos<\/h3>\n\n\n\n<div class=\"wp-block-columns is-layout-flex wp-container-8\">\n<div class=\"wp-block-column is-layout-flow\">\n<figure class=\"wp-block-image size-full is-resized\"><a href=\"https:\/\/cobatabjoven.org\/nmccems\/wp-content\/uploads\/2023\/06\/Orientaciones-pedagA%C2%B3gicas-Cultura-Digital.pdf\"><img decoding=\"async\" loading=\"lazy\" src=\"https:\/\/cobatabjoven.org\/nmccems\/wp-content\/uploads\/2023\/07\/Captura-de-pantalla-2023-07-04-110810.png\" alt=\"\" class=\"wp-image-308\" width=\"309\" height=\"393\"\/><\/a><\/figure>\n<\/div>\n\n\n\n<div class=\"wp-block-column is-layout-flow\">\n<figure class=\"wp-block-image size-full is-resized\"><a href=\"https:\/\/cobatabjoven.org\/nmccems\/wp-content\/uploads\/2023\/06\/Orientaciones-pedagA%C2%B3gicas-Lengua-y-ComunicaciA%C2%B3n.pdf\"><img decoding=\"async\" loading=\"lazy\" src=\"https:\/\/cobatabjoven.org\/nmccems\/wp-content\/uploads\/2023\/07\/Captura-de-pantalla-2023-07-04-110824.png\" alt=\"\" class=\"wp-image-307\" width=\"309\" height=\"393\" srcset=\"https:\/\/cobatabjoven.org\/nmccems\/wp-content\/uploads\/2023\/07\/Captura-de-pantalla-2023-07-04-110824-46x60.png 46w, https:\/\/cobatabjoven.org\/nmccems\/wp-content\/uploads\/2023\/07\/Captura-de-pantalla-2023-07-04-110824-418x530.png 418w\" sizes=\"(max-width: 309px) 100vw, 309px\" \/><\/a><\/figure>\n<\/div>\n\n\n\n<div class=\"wp-block-column is-layout-flow\">\n<figure class=\"wp-block-image size-full is-resized\"><a href=\"https:\/\/cobatabjoven.org\/nmccems\/wp-content\/uploads\/2023\/06\/Orientaciones-pedagA%C2%B3gicas-Pensamiento-MatemA%C2%A1tico.pdf\"><img decoding=\"async\" loading=\"lazy\" src=\"https:\/\/cobatabjoven.org\/nmccems\/wp-content\/uploads\/2023\/07\/Captura-de-pantalla-2023-07-04-110837.png\" alt=\"\" class=\"wp-image-306\" width=\"309\" height=\"393\"\/><\/a><\/figure>\n<\/div>\n<\/div>\n\n\n\n<div class=\"wp-block-columns is-layout-flex wp-container-12\">\n<div class=\"wp-block-column is-layout-flow\">\n<figure class=\"wp-block-image size-full is-resized\"><a href=\"https:\/\/cobatabjoven.org\/nmccems\/wp-content\/uploads\/2023\/06\/Orientaciones-pedagA%C2%B3gicas-Conciencia-histA%C2%B3rica.pdf\"><img decoding=\"async\" loading=\"lazy\" src=\"https:\/\/cobatabjoven.org\/nmccems\/wp-content\/uploads\/2023\/07\/Captura-de-pantalla-2023-07-04-110800.png\" alt=\"\" class=\"wp-image-309\" width=\"309\" height=\"393\"\/><\/a><\/figure>\n<\/div>\n\n\n\n<div class=\"wp-block-column is-layout-flow\">\n<figure class=\"wp-block-image size-full is-resized\"><a href=\"https:\/\/cobatabjoven.org\/nmccems\/wp-content\/uploads\/2023\/06\/Orientaciones-pedagA%C2%B3gicas-InglA%C2%A9s-1.pdf\"><img decoding=\"async\" loading=\"lazy\" src=\"https:\/\/cobatabjoven.org\/nmccems\/wp-content\/uploads\/2023\/07\/Captura-de-pantalla-2023-07-04-110900.png\" alt=\"\" class=\"wp-image-305\" width=\"309\" height=\"393\"\/><\/a><\/figure>\n<\/div>\n\n\n\n<div class=\"wp-block-column is-layout-flow\"><\/div>\n<\/div>\n\n\n\n<p><\/p>\n\n\n\n<h3 class=\"wp-block-heading\">\u00c1mbitos de formaci\u00f3n socioemocional<\/h3>\n\n\n\n<div class=\"wp-block-columns is-layout-flex wp-container-16\">\n<div class=\"wp-block-column is-layout-flow\">\n<figure class=\"wp-block-image size-full is-resized\"><a href=\"https:\/\/cobatabjoven.org\/nmccems\/wp-content\/uploads\/2023\/06\/Orientaciones-pedagA%C2%B3gicas-EISyG.pdf\"><img decoding=\"async\" loading=\"lazy\" src=\"https:\/\/cobatabjoven.org\/nmccems\/wp-content\/uploads\/2023\/07\/Captura-de-pantalla-2023-07-04-110913.png\" alt=\"\" class=\"wp-image-304\" width=\"309\" height=\"393\" srcset=\"https:\/\/cobatabjoven.org\/nmccems\/wp-content\/uploads\/2023\/07\/Captura-de-pantalla-2023-07-04-110913-46x60.png 46w, https:\/\/cobatabjoven.org\/nmccems\/wp-content\/uploads\/2023\/07\/Captura-de-pantalla-2023-07-04-110913-417x530.png 417w\" sizes=\"(max-width: 309px) 100vw, 309px\" \/><\/a><\/figure>\n<\/div>\n\n\n\n<div class=\"wp-block-column is-layout-flow\"><\/div>\n\n\n\n<div class=\"wp-block-column is-layout-flow\"><\/div>\n<\/div>\n<div class=\"pvc_clear\"><\/div><p id=\"pvc_stats_130\" class=\"pvc_stats all  \" data-element-id=\"130\" style=\"\"><i class=\"pvc-stats-icon medium\" aria-hidden=\"true\"><svg aria-hidden=\"true\" focusable=\"false\" data-prefix=\"far\" data-icon=\"chart-bar\" role=\"img\" xmlns=\"http:\/\/www.w3.org\/2000\/svg\" viewBox=\"0 0 512 512\" class=\"svg-inline--fa fa-chart-bar fa-w-16 fa-2x\"><path fill=\"currentColor\" d=\"M396.8 352h22.4c6.4 0 12.8-6.4 12.8-12.8V108.8c0-6.4-6.4-12.8-12.8-12.8h-22.4c-6.4 0-12.8 6.4-12.8 12.8v230.4c0 6.4 6.4 12.8 12.8 12.8zm-192 0h22.4c6.4 0 12.8-6.4 12.8-12.8V140.8c0-6.4-6.4-12.8-12.8-12.8h-22.4c-6.4 0-12.8 6.4-12.8 12.8v198.4c0 6.4 6.4 12.8 12.8 12.8zm96 0h22.4c6.4 0 12.8-6.4 12.8-12.8V204.8c0-6.4-6.4-12.8-12.8-12.8h-22.4c-6.4 0-12.8 6.4-12.8 12.8v134.4c0 6.4 6.4 12.8 12.8 12.8zM496 400H48V80c0-8.84-7.16-16-16-16H16C7.16 64 0 71.16 0 80v336c0 17.67 14.33 32 32 32h464c8.84 0 16-7.16 16-16v-16c0-8.84-7.16-16-16-16zm-387.2-48h22.4c6.4 0 12.8-6.4 12.8-12.8v-70.4c0-6.4-6.4-12.8-12.8-12.8h-22.4c-6.4 0-12.8 6.4-12.8 12.8v70.4c0 6.4 6.4 12.8 12.8 12.8z\" class=\"\"><\/path><\/svg><\/i> <img decoding=\"async\" loading=\"lazy\" width=\"16\" height=\"16\" alt=\"Loading\" src=\"https:\/\/cobatabjoven.org\/nmccems\/wp-content\/plugins\/page-views-count\/ajax-loader-2x.gif\" border=0 \/><\/p><div class=\"pvc_clear\"><\/div>","protected":false},"excerpt":{"rendered":"<p>\u00c1reas de conocimiento Recursos Sociocognitivos \u00c1mbitos de formaci\u00f3n socioemocional<\/p>\n<div class=\"pvc_clear\"><\/div>\n<p id=\"pvc_stats_130\" class=\"pvc_stats all  \" data-element-id=\"130\" style=\"\"><i class=\"pvc-stats-icon medium\" aria-hidden=\"true\"><svg aria-hidden=\"true\" focusable=\"false\" data-prefix=\"far\" data-icon=\"chart-bar\" role=\"img\" xmlns=\"http:\/\/www.w3.org\/2000\/svg\" viewBox=\"0 0 512 512\" class=\"svg-inline--fa fa-chart-bar fa-w-16 fa-2x\"><path fill=\"currentColor\" d=\"M396.8 352h22.4c6.4 0 12.8-6.4 12.8-12.8V108.8c0-6.4-6.4-12.8-12.8-12.8h-22.4c-6.4 0-12.8 6.4-12.8 12.8v230.4c0 6.4 6.4 12.8 12.8 12.8zm-192 0h22.4c6.4 0 12.8-6.4 12.8-12.8V140.8c0-6.4-6.4-12.8-12.8-12.8h-22.4c-6.4 0-12.8 6.4-12.8 12.8v198.4c0 6.4 6.4 12.8 12.8 12.8zm96 0h22.4c6.4 0 12.8-6.4 12.8-12.8V204.8c0-6.4-6.4-12.8-12.8-12.8h-22.4c-6.4 0-12.8 6.4-12.8 12.8v134.4c0 6.4 6.4 12.8 12.8 12.8zM496 400H48V80c0-8.84-7.16-16-16-16H16C7.16 64 0 71.16 0 80v336c0 17.67 14.33 32 32 32h464c8.84 0 16-7.16 16-16v-16c0-8.84-7.16-16-16-16zm-387.2-48h22.4c6.4 0 12.8-6.4 12.8-12.8v-70.4c0-6.4-6.4-12.8-12.8-12.8h-22.4c-6.4 0-12.8 6.4-12.8 12.8v70.4c0 6.4 6.4 12.8 12.8 12.8z\" class=\"\"><\/path><\/svg><\/i> <img decoding=\"async\" loading=\"lazy\" width=\"16\" height=\"16\" alt=\"Loading\" src=\"https:\/\/cobatabjoven.org\/nmccems\/wp-content\/plugins\/page-views-count\/ajax-loader-2x.gif\" border=0 \/><\/p>\n<div class=\"pvc_clear\"><\/div>\n","protected":false},"author":1,"featured_media":0,"parent":0,"menu_order":0,"comment_status":"closed","ping_status":"closed","template":"","meta":[],"_links":{"self":[{"href":"https:\/\/cobatabjoven.org\/nmccems\/index.php\/wp-json\/wp\/v2\/pages\/130"}],"collection":[{"href":"https:\/\/cobatabjoven.org\/nmccems\/index.php\/wp-json\/wp\/v2\/pages"}],"about":[{"href":"https:\/\/cobatabjoven.org\/nmccems\/index.php\/wp-json\/wp\/v2\/types\/page"}],"author":[{"embeddable":true,"href":"https:\/\/cobatabjoven.org\/nmccems\/index.php\/wp-json\/wp\/v2\/users\/1"}],"replies":[{"embeddable":true,"href":"https:\/\/cobatabjoven.org\/nmccems\/index.php\/wp-json\/wp\/v2\/comments?post=130"}],"version-history":[{"count":5,"href":"https:\/\/cobatabjoven.org\/nmccems\/index.php\/wp-json\/wp\/v2\/pages\/130\/revisions"}],"predecessor-version":[{"id":313,"href":"https:\/\/cobatabjoven.org\/nmccems\/index.php\/wp-json\/wp\/v2\/pages\/130\/revisions\/313"}],"wp:attachment":[{"href":"https:\/\/cobatabjoven.org\/nmccems\/index.php\/wp-json\/wp\/v2\/media?parent=130"}],"curies":[{"name":"wp","href":"https:\/\/api.w.org\/{rel}","templated":true}]}}