{"id":147,"date":"2023-06-13T18:47:32","date_gmt":"2023-06-13T18:47:32","guid":{"rendered":"https:\/\/cobatabjoven.org\/nmccems\/?page_id=147"},"modified":"2023-07-05T13:07:25","modified_gmt":"2023-07-05T13:07:25","slug":"programas-de-primer-semestre","status":"publish","type":"page","link":"https:\/\/cobatabjoven.org\/nmccems\/index.php\/programas-de-primer-semestre\/","title":{"rendered":"Programas de Primer Semestre"},"content":{"rendered":"\n<h3 class=\"wp-block-heading\">\u00c1reas de conocimiento<\/h3>\n\n\n\n<div class=\"wp-block-columns is-layout-flex wp-container-4\">\n<div class=\"wp-block-column is-layout-flow\">\n<figure class=\"wp-block-image size-full is-resized\"><a href=\"https:\/\/cobatabjoven.org\/nmccems\/wp-content\/uploads\/2023\/07\/LA-MATERIA-Y-SUS-INTERACCIONES_2C.pdf\"><img decoding=\"async\" loading=\"lazy\" src=\"https:\/\/cobatabjoven.org\/nmccems\/wp-content\/uploads\/2023\/07\/Captura-de-pantalla-2023-07-05-064413.png\" alt=\"\" class=\"wp-image-363\" width=\"309\" height=\"393\"\/><\/a><\/figure>\n<\/div>\n\n\n\n<div class=\"wp-block-column is-layout-flow\">\n<figure class=\"wp-block-image size-full is-resized\"><a href=\"https:\/\/cobatabjoven.org\/nmccems\/wp-content\/uploads\/2023\/07\/HUMANIDADES-I_2C.pdf\"><img decoding=\"async\" loading=\"lazy\" src=\"https:\/\/cobatabjoven.org\/nmccems\/wp-content\/uploads\/2023\/07\/Captura-de-pantalla-2023-07-05-064345.png\" alt=\"\" class=\"wp-image-365\" width=\"309\" height=\"393\"\/><\/a><\/figure>\n<\/div>\n\n\n\n<div class=\"wp-block-column is-layout-flow\">\n<figure class=\"wp-block-image size-full is-resized\"><a href=\"https:\/\/cobatabjoven.org\/nmccems\/wp-content\/uploads\/2023\/07\/CIENCIAS-SOCIALES-I_2C.pdf\"><img decoding=\"async\" loading=\"lazy\" src=\"https:\/\/cobatabjoven.org\/nmccems\/wp-content\/uploads\/2023\/07\/Captura-de-pantalla-2023-07-05-064356.png\" alt=\"\" class=\"wp-image-364\" width=\"309\" height=\"393\" srcset=\"https:\/\/cobatabjoven.org\/nmccems\/wp-content\/uploads\/2023\/07\/Captura-de-pantalla-2023-07-05-064356-46x60.png 46w, https:\/\/cobatabjoven.org\/nmccems\/wp-content\/uploads\/2023\/07\/Captura-de-pantalla-2023-07-05-064356-418x530.png 418w\" sizes=\"(max-width: 309px) 100vw, 309px\" \/><\/a><\/figure>\n<\/div>\n<\/div>\n\n\n\n<p><\/p>\n\n\n\n<h3 class=\"wp-block-heading\">Recursos Sociocognitivos<\/h3>\n\n\n\n<div class=\"wp-block-columns is-layout-flex wp-container-8\">\n<div class=\"wp-block-column is-layout-flow\">\n<figure class=\"wp-block-image size-full is-resized\"><a href=\"https:\/\/cobatabjoven.org\/nmccems\/wp-content\/uploads\/2023\/07\/CULTURA-DIGITAL-I_2C.pdf\"><img decoding=\"async\" loading=\"lazy\" src=\"https:\/\/cobatabjoven.org\/nmccems\/wp-content\/uploads\/2023\/07\/Captura-de-pantalla-2023-07-05-064448.png\" alt=\"\" class=\"wp-image-360\" width=\"309\" height=\"393\"\/><\/a><\/figure>\n<\/div>\n\n\n\n<div class=\"wp-block-column is-layout-flow\">\n<figure class=\"wp-block-image size-full is-resized\"><a href=\"https:\/\/cobatabjoven.org\/nmccems\/wp-content\/uploads\/2023\/07\/LENGUA-Y-COMUNICACION-I_2C.pdf\"><img decoding=\"async\" loading=\"lazy\" src=\"https:\/\/cobatabjoven.org\/nmccems\/wp-content\/uploads\/2023\/07\/Captura-de-pantalla-2023-07-05-064435.png\" alt=\"\" class=\"wp-image-361\" width=\"309\" height=\"393\"\/><\/a><\/figure>\n<\/div>\n\n\n\n<div class=\"wp-block-column is-layout-flow\">\n<figure class=\"wp-block-image size-full is-resized\"><a href=\"https:\/\/cobatabjoven.org\/nmccems\/wp-content\/uploads\/2023\/07\/PENSAMIENTO-MATEMATICO-I_2C.pdf\"><img decoding=\"async\" loading=\"lazy\" src=\"https:\/\/cobatabjoven.org\/nmccems\/wp-content\/uploads\/2023\/07\/Captura-de-pantalla-2023-07-05-064426.png\" alt=\"\" class=\"wp-image-362\" width=\"309\" height=\"393\"\/><\/a><\/figure>\n<\/div>\n<\/div>\n\n\n\n<div class=\"wp-block-columns is-layout-flex wp-container-12\">\n<div class=\"wp-block-column is-layout-flow\">\n<figure class=\"wp-block-image size-full is-resized\"><a href=\"https:\/\/cobatabjoven.org\/nmccems\/wp-content\/uploads\/2023\/07\/INGLES-I_2C.pdf\"><img decoding=\"async\" loading=\"lazy\" src=\"https:\/\/cobatabjoven.org\/nmccems\/wp-content\/uploads\/2023\/07\/Captura-de-pantalla-2023-07-05-064500.png\" alt=\"\" class=\"wp-image-359\" width=\"309\" height=\"393\"\/><\/a><\/figure>\n<\/div>\n\n\n\n<div class=\"wp-block-column is-layout-flow\"><\/div>\n\n\n\n<div class=\"wp-block-column is-layout-flow\"><\/div>\n<\/div>\n\n\n\n<h3 class=\"wp-block-heading\">\u00c1mbitos de Formaci\u00f3n Socioemocional<\/h3>\n\n\n\n<div class=\"wp-block-columns is-layout-flex wp-container-16\">\n<div class=\"wp-block-column is-layout-flow\">\n<figure class=\"wp-block-image size-full is-resized\"><a href=\"https:\/\/cobatabjoven.org\/nmccems\/wp-content\/uploads\/2023\/07\/RECURSOS-SOCIOEMOCIONALES_3C.pdf\"><img decoding=\"async\" loading=\"lazy\" src=\"https:\/\/cobatabjoven.org\/nmccems\/wp-content\/uploads\/2023\/07\/Captura-de-pantalla-2023-07-05-064515.png\" alt=\"\" class=\"wp-image-358\" width=\"309\" height=\"393\" srcset=\"https:\/\/cobatabjoven.org\/nmccems\/wp-content\/uploads\/2023\/07\/Captura-de-pantalla-2023-07-05-064515-46x60.png 46w, https:\/\/cobatabjoven.org\/nmccems\/wp-content\/uploads\/2023\/07\/Captura-de-pantalla-2023-07-05-064515-418x530.png 418w\" sizes=\"(max-width: 309px) 100vw, 309px\" \/><\/a><\/figure>\n<\/div>\n\n\n\n<div class=\"wp-block-column is-layout-flow\"><\/div>\n\n\n\n<div class=\"wp-block-column is-layout-flow\"><\/div>\n<\/div>\n\n\n\n<h3 class=\"wp-block-heading\">UAC de formaci\u00f3n fundamental extendida obligatoria<\/h3>\n\n\n\n<div class=\"wp-block-columns is-layout-flex wp-container-20\">\n<div class=\"wp-block-column is-layout-flow\">\n<figure class=\"wp-block-image size-full is-resized\"><a href=\"https:\/\/dgb.sep.gob.mx\/wp-content\/uploads\/2023\/06\/Laboratorio-de-Investigacion-Progresiones-de-Aprendizaje.pdf\"><img decoding=\"async\" loading=\"lazy\" src=\"https:\/\/cobatabjoven.org\/nmccems\/wp-content\/uploads\/2023\/07\/Captura-de-pantalla-2023-07-05-064608.png\" alt=\"\" class=\"wp-image-357\" width=\"309\" height=\"393\"\/><\/a><\/figure>\n<\/div>\n\n\n\n<div class=\"wp-block-column is-layout-flow\"><\/div>\n\n\n\n<div class=\"wp-block-column is-layout-flow\"><\/div>\n<\/div>\n<div class=\"pvc_clear\"><\/div><p id=\"pvc_stats_147\" class=\"pvc_stats all  \" data-element-id=\"147\" style=\"\"><i class=\"pvc-stats-icon medium\" aria-hidden=\"true\"><svg aria-hidden=\"true\" focusable=\"false\" data-prefix=\"far\" data-icon=\"chart-bar\" role=\"img\" xmlns=\"http:\/\/www.w3.org\/2000\/svg\" viewBox=\"0 0 512 512\" class=\"svg-inline--fa fa-chart-bar fa-w-16 fa-2x\"><path fill=\"currentColor\" d=\"M396.8 352h22.4c6.4 0 12.8-6.4 12.8-12.8V108.8c0-6.4-6.4-12.8-12.8-12.8h-22.4c-6.4 0-12.8 6.4-12.8 12.8v230.4c0 6.4 6.4 12.8 12.8 12.8zm-192 0h22.4c6.4 0 12.8-6.4 12.8-12.8V140.8c0-6.4-6.4-12.8-12.8-12.8h-22.4c-6.4 0-12.8 6.4-12.8 12.8v198.4c0 6.4 6.4 12.8 12.8 12.8zm96 0h22.4c6.4 0 12.8-6.4 12.8-12.8V204.8c0-6.4-6.4-12.8-12.8-12.8h-22.4c-6.4 0-12.8 6.4-12.8 12.8v134.4c0 6.4 6.4 12.8 12.8 12.8zM496 400H48V80c0-8.84-7.16-16-16-16H16C7.16 64 0 71.16 0 80v336c0 17.67 14.33 32 32 32h464c8.84 0 16-7.16 16-16v-16c0-8.84-7.16-16-16-16zm-387.2-48h22.4c6.4 0 12.8-6.4 12.8-12.8v-70.4c0-6.4-6.4-12.8-12.8-12.8h-22.4c-6.4 0-12.8 6.4-12.8 12.8v70.4c0 6.4 6.4 12.8 12.8 12.8z\" class=\"\"><\/path><\/svg><\/i> <img decoding=\"async\" loading=\"lazy\" width=\"16\" height=\"16\" alt=\"Loading\" src=\"https:\/\/cobatabjoven.org\/nmccems\/wp-content\/plugins\/page-views-count\/ajax-loader-2x.gif\" border=0 \/><\/p><div class=\"pvc_clear\"><\/div>","protected":false},"excerpt":{"rendered":"<p>\u00c1reas de conocimiento Recursos Sociocognitivos \u00c1mbitos de Formaci\u00f3n Socioemocional UAC de formaci\u00f3n fundamental extendida obligatoria<\/p>\n<div class=\"pvc_clear\"><\/div>\n<p id=\"pvc_stats_147\" class=\"pvc_stats all  \" data-element-id=\"147\" style=\"\"><i class=\"pvc-stats-icon medium\" aria-hidden=\"true\"><svg aria-hidden=\"true\" focusable=\"false\" data-prefix=\"far\" data-icon=\"chart-bar\" role=\"img\" xmlns=\"http:\/\/www.w3.org\/2000\/svg\" viewBox=\"0 0 512 512\" class=\"svg-inline--fa fa-chart-bar fa-w-16 fa-2x\"><path fill=\"currentColor\" d=\"M396.8 352h22.4c6.4 0 12.8-6.4 12.8-12.8V108.8c0-6.4-6.4-12.8-12.8-12.8h-22.4c-6.4 0-12.8 6.4-12.8 12.8v230.4c0 6.4 6.4 12.8 12.8 12.8zm-192 0h22.4c6.4 0 12.8-6.4 12.8-12.8V140.8c0-6.4-6.4-12.8-12.8-12.8h-22.4c-6.4 0-12.8 6.4-12.8 12.8v198.4c0 6.4 6.4 12.8 12.8 12.8zm96 0h22.4c6.4 0 12.8-6.4 12.8-12.8V204.8c0-6.4-6.4-12.8-12.8-12.8h-22.4c-6.4 0-12.8 6.4-12.8 12.8v134.4c0 6.4 6.4 12.8 12.8 12.8zM496 400H48V80c0-8.84-7.16-16-16-16H16C7.16 64 0 71.16 0 80v336c0 17.67 14.33 32 32 32h464c8.84 0 16-7.16 16-16v-16c0-8.84-7.16-16-16-16zm-387.2-48h22.4c6.4 0 12.8-6.4 12.8-12.8v-70.4c0-6.4-6.4-12.8-12.8-12.8h-22.4c-6.4 0-12.8 6.4-12.8 12.8v70.4c0 6.4 6.4 12.8 12.8 12.8z\" class=\"\"><\/path><\/svg><\/i> <img decoding=\"async\" loading=\"lazy\" width=\"16\" height=\"16\" alt=\"Loading\" src=\"https:\/\/cobatabjoven.org\/nmccems\/wp-content\/plugins\/page-views-count\/ajax-loader-2x.gif\" border=0 \/><\/p>\n<div class=\"pvc_clear\"><\/div>\n","protected":false},"author":1,"featured_media":0,"parent":0,"menu_order":0,"comment_status":"closed","ping_status":"closed","template":"","meta":[],"_links":{"self":[{"href":"https:\/\/cobatabjoven.org\/nmccems\/index.php\/wp-json\/wp\/v2\/pages\/147"}],"collection":[{"href":"https:\/\/cobatabjoven.org\/nmccems\/index.php\/wp-json\/wp\/v2\/pages"}],"about":[{"href":"https:\/\/cobatabjoven.org\/nmccems\/index.php\/wp-json\/wp\/v2\/types\/page"}],"author":[{"embeddable":true,"href":"https:\/\/cobatabjoven.org\/nmccems\/index.php\/wp-json\/wp\/v2\/users\/1"}],"replies":[{"embeddable":true,"href":"https:\/\/cobatabjoven.org\/nmccems\/index.php\/wp-json\/wp\/v2\/comments?post=147"}],"version-history":[{"count":6,"href":"https:\/\/cobatabjoven.org\/nmccems\/index.php\/wp-json\/wp\/v2\/pages\/147\/revisions"}],"predecessor-version":[{"id":380,"href":"https:\/\/cobatabjoven.org\/nmccems\/index.php\/wp-json\/wp\/v2\/pages\/147\/revisions\/380"}],"wp:attachment":[{"href":"https:\/\/cobatabjoven.org\/nmccems\/index.php\/wp-json\/wp\/v2\/media?parent=147"}],"curies":[{"name":"wp","href":"https:\/\/api.w.org\/{rel}","templated":true}]}}