{"id":36,"date":"2023-06-13T16:22:51","date_gmt":"2023-06-13T16:22:51","guid":{"rendered":"https:\/\/cobatabjoven.org\/nmccems\/?page_id=36"},"modified":"2023-07-05T16:32:27","modified_gmt":"2023-07-05T16:32:27","slug":"36-2","status":"publish","type":"page","link":"https:\/\/cobatabjoven.org\/nmccems\/","title":{"rendered":"Estructura"},"content":{"rendered":"\n<p>Relaci\u00f3n de documentos de la Nueva Escuela Mexicana enfocada al Marco Curricular Com\u00fan de la Educaci\u00f3n Media Superior. <\/p>\n\n\n\n<div class=\"wp-block-columns is-layout-flex wp-container-4\">\n<div class=\"wp-block-column is-layout-flow\">\n<figure class=\"wp-block-image size-large is-resized is-style-default\"><a href=\"https:\/\/cobatabjoven.org\/nmccems\/index.php\/documentos-base\"><img decoding=\"async\" loading=\"lazy\" src=\"https:\/\/cobatabjoven.org\/nmccems\/wp-content\/uploads\/2023\/06\/db-2-792x1024.png\" alt=\"\" class=\"wp-image-60\" width=\"309\" height=\"393\"\/><\/a><\/figure>\n<\/div>\n\n\n\n<div class=\"wp-block-column is-layout-flow\">\n<figure class=\"wp-block-image size-large is-resized\"><a href=\"https:\/\/cobatabjoven.org\/nmccems\/index.php\/progresiones\"><img decoding=\"async\" loading=\"lazy\" src=\"https:\/\/cobatabjoven.org\/nmccems\/wp-content\/uploads\/2023\/06\/prg-2-792x1024.png\" alt=\"\" class=\"wp-image-62\" width=\"309\" height=\"393\"\/><\/a><\/figure>\n<\/div>\n\n\n\n<div class=\"wp-block-column is-layout-flow\">\n<figure class=\"wp-block-image size-large is-resized\"><a href=\"https:\/\/cobatabjoven.org\/nmccems\/index.php\/orientaciones-pedagogicas\/\"><img decoding=\"async\" loading=\"lazy\" src=\"https:\/\/cobatabjoven.org\/nmccems\/wp-content\/uploads\/2023\/06\/op-2-792x1024.png\" alt=\"\" class=\"wp-image-63\" width=\"309\" height=\"393\"\/><\/a><\/figure>\n<\/div>\n<\/div>\n\n\n\n<div class=\"wp-block-columns is-layout-flex wp-container-8\">\n<div class=\"wp-block-column is-layout-flow\">\n<figure class=\"wp-block-image size-large is-resized\"><a href=\"https:\/\/cobatabjoven.org\/nmccems\/index.php\/programas-de-primer-semestre\/\"><img decoding=\"async\" loading=\"lazy\" src=\"https:\/\/cobatabjoven.org\/nmccems\/wp-content\/uploads\/2023\/06\/prog-1-792x1024.png\" alt=\"\" class=\"wp-image-64\" width=\"309\" height=\"393\"\/><\/a><\/figure>\n<\/div>\n\n\n\n<div class=\"wp-block-column is-layout-flow\">\n<figure class=\"wp-block-image size-large is-resized\"><a href=\"https:\/\/cobatabjoven.org\/nmccems\/index.php\/transversalidad\/\"><img decoding=\"async\" loading=\"lazy\" src=\"https:\/\/cobatabjoven.org\/nmccems\/wp-content\/uploads\/2023\/06\/trsn4-2-792x1024.png\" alt=\"\" class=\"wp-image-68\" width=\"309\" height=\"393\"\/><\/a><\/figure>\n<\/div>\n\n\n\n<div class=\"wp-block-column is-layout-flow\">\n<figure class=\"wp-block-image size-large is-resized\"><a href=\"https:\/\/cobatabjoven.org\/nmccems\/index.php\/programa-de-mejora-continua\/\"><img decoding=\"async\" loading=\"lazy\" src=\"https:\/\/cobatabjoven.org\/nmccems\/wp-content\/uploads\/2023\/06\/pmc-4-792x1024.png\" alt=\"\" class=\"wp-image-222\" width=\"309\" height=\"393\"\/><\/a><\/figure>\n<\/div>\n<\/div>\n\n\n\n<div class=\"wp-block-columns is-layout-flex wp-container-12\">\n<div class=\"wp-block-column is-layout-flow\">\n<figure class=\"wp-block-image size-large is-resized\"><a href=\"https:\/\/cobatabjoven.org\/nmccems\/index.php\/planeacion-didactica\/\"><img decoding=\"async\" loading=\"lazy\" src=\"https:\/\/cobatabjoven.org\/nmccems\/wp-content\/uploads\/2023\/07\/\u00b4prtadas2-792x1024.jpg\" alt=\"\" class=\"wp-image-390\" width=\"309\" height=\"393\"\/><\/a><\/figure>\n<\/div>\n\n\n\n<div class=\"wp-block-column is-layout-flow\">\n<figure class=\"wp-block-image size-large is-resized\"><a href=\"https:\/\/cobatabjoven.org\/nmccems\/index.php\/recursos-adicionales-de-apoyo\/\"><img decoding=\"async\" loading=\"lazy\" src=\"https:\/\/cobatabjoven.org\/nmccems\/wp-content\/uploads\/2023\/06\/ra-1-792x1024.png\" alt=\"\" class=\"wp-image-223\" width=\"309\" height=\"393\"\/><\/a><\/figure>\n<\/div>\n\n\n\n<div class=\"wp-block-column is-layout-flow\">\n<figure class=\"wp-block-image size-large is-resized\"><img decoding=\"async\" loading=\"lazy\" src=\"https:\/\/cobatabjoven.org\/nmccems\/wp-content\/uploads\/2023\/07\/\u00b4prtadas22-792x1024.jpg\" alt=\"\" class=\"wp-image-394\" width=\"309\" height=\"393\"\/><\/figure>\n<\/div>\n<\/div>\n<div class=\"pvc_clear\"><\/div><p id=\"pvc_stats_36\" class=\"pvc_stats all  \" data-element-id=\"36\" style=\"\"><i class=\"pvc-stats-icon medium\" aria-hidden=\"true\"><svg aria-hidden=\"true\" focusable=\"false\" data-prefix=\"far\" data-icon=\"chart-bar\" role=\"img\" xmlns=\"http:\/\/www.w3.org\/2000\/svg\" viewBox=\"0 0 512 512\" class=\"svg-inline--fa fa-chart-bar fa-w-16 fa-2x\"><path fill=\"currentColor\" d=\"M396.8 352h22.4c6.4 0 12.8-6.4 12.8-12.8V108.8c0-6.4-6.4-12.8-12.8-12.8h-22.4c-6.4 0-12.8 6.4-12.8 12.8v230.4c0 6.4 6.4 12.8 12.8 12.8zm-192 0h22.4c6.4 0 12.8-6.4 12.8-12.8V140.8c0-6.4-6.4-12.8-12.8-12.8h-22.4c-6.4 0-12.8 6.4-12.8 12.8v198.4c0 6.4 6.4 12.8 12.8 12.8zm96 0h22.4c6.4 0 12.8-6.4 12.8-12.8V204.8c0-6.4-6.4-12.8-12.8-12.8h-22.4c-6.4 0-12.8 6.4-12.8 12.8v134.4c0 6.4 6.4 12.8 12.8 12.8zM496 400H48V80c0-8.84-7.16-16-16-16H16C7.16 64 0 71.16 0 80v336c0 17.67 14.33 32 32 32h464c8.84 0 16-7.16 16-16v-16c0-8.84-7.16-16-16-16zm-387.2-48h22.4c6.4 0 12.8-6.4 12.8-12.8v-70.4c0-6.4-6.4-12.8-12.8-12.8h-22.4c-6.4 0-12.8 6.4-12.8 12.8v70.4c0 6.4 6.4 12.8 12.8 12.8z\" class=\"\"><\/path><\/svg><\/i> <img decoding=\"async\" loading=\"lazy\" width=\"16\" height=\"16\" alt=\"Loading\" src=\"https:\/\/cobatabjoven.org\/nmccems\/wp-content\/plugins\/page-views-count\/ajax-loader-2x.gif\" border=0 \/><\/p><div class=\"pvc_clear\"><\/div>","protected":false},"excerpt":{"rendered":"<p>Relaci\u00f3n de documentos de la Nueva Escuela Mexicana enfocada al Marco Curricular Com\u00fan de la Educaci\u00f3n Media Superior.<\/p>\n<div class=\"pvc_clear\"><\/div>\n<p id=\"pvc_stats_36\" class=\"pvc_stats all  \" data-element-id=\"36\" style=\"\"><i class=\"pvc-stats-icon medium\" aria-hidden=\"true\"><svg aria-hidden=\"true\" focusable=\"false\" data-prefix=\"far\" data-icon=\"chart-bar\" role=\"img\" xmlns=\"http:\/\/www.w3.org\/2000\/svg\" viewBox=\"0 0 512 512\" class=\"svg-inline--fa fa-chart-bar fa-w-16 fa-2x\"><path fill=\"currentColor\" d=\"M396.8 352h22.4c6.4 0 12.8-6.4 12.8-12.8V108.8c0-6.4-6.4-12.8-12.8-12.8h-22.4c-6.4 0-12.8 6.4-12.8 12.8v230.4c0 6.4 6.4 12.8 12.8 12.8zm-192 0h22.4c6.4 0 12.8-6.4 12.8-12.8V140.8c0-6.4-6.4-12.8-12.8-12.8h-22.4c-6.4 0-12.8 6.4-12.8 12.8v198.4c0 6.4 6.4 12.8 12.8 12.8zm96 0h22.4c6.4 0 12.8-6.4 12.8-12.8V204.8c0-6.4-6.4-12.8-12.8-12.8h-22.4c-6.4 0-12.8 6.4-12.8 12.8v134.4c0 6.4 6.4 12.8 12.8 12.8zM496 400H48V80c0-8.84-7.16-16-16-16H16C7.16 64 0 71.16 0 80v336c0 17.67 14.33 32 32 32h464c8.84 0 16-7.16 16-16v-16c0-8.84-7.16-16-16-16zm-387.2-48h22.4c6.4 0 12.8-6.4 12.8-12.8v-70.4c0-6.4-6.4-12.8-12.8-12.8h-22.4c-6.4 0-12.8 6.4-12.8 12.8v70.4c0 6.4 6.4 12.8 12.8 12.8z\" class=\"\"><\/path><\/svg><\/i> <img decoding=\"async\" loading=\"lazy\" width=\"16\" height=\"16\" alt=\"Loading\" src=\"https:\/\/cobatabjoven.org\/nmccems\/wp-content\/plugins\/page-views-count\/ajax-loader-2x.gif\" border=0 \/><\/p>\n<div class=\"pvc_clear\"><\/div>\n","protected":false},"author":1,"featured_media":0,"parent":0,"menu_order":0,"comment_status":"closed","ping_status":"closed","template":"","meta":[],"_links":{"self":[{"href":"https:\/\/cobatabjoven.org\/nmccems\/index.php\/wp-json\/wp\/v2\/pages\/36"}],"collection":[{"href":"https:\/\/cobatabjoven.org\/nmccems\/index.php\/wp-json\/wp\/v2\/pages"}],"about":[{"href":"https:\/\/cobatabjoven.org\/nmccems\/index.php\/wp-json\/wp\/v2\/types\/page"}],"author":[{"embeddable":true,"href":"https:\/\/cobatabjoven.org\/nmccems\/index.php\/wp-json\/wp\/v2\/users\/1"}],"replies":[{"embeddable":true,"href":"https:\/\/cobatabjoven.org\/nmccems\/index.php\/wp-json\/wp\/v2\/comments?post=36"}],"version-history":[{"count":20,"href":"https:\/\/cobatabjoven.org\/nmccems\/index.php\/wp-json\/wp\/v2\/pages\/36\/revisions"}],"predecessor-version":[{"id":399,"href":"https:\/\/cobatabjoven.org\/nmccems\/index.php\/wp-json\/wp\/v2\/pages\/36\/revisions\/399"}],"wp:attachment":[{"href":"https:\/\/cobatabjoven.org\/nmccems\/index.php\/wp-json\/wp\/v2\/media?parent=36"}],"curies":[{"name":"wp","href":"https:\/\/api.w.org\/{rel}","templated":true}]}}