{"id":94,"date":"2023-06-13T18:02:52","date_gmt":"2023-06-13T18:02:52","guid":{"rendered":"https:\/\/cobatabjoven.org\/nmccems\/?page_id=94"},"modified":"2023-07-05T12:43:03","modified_gmt":"2023-07-05T12:43:03","slug":"progresiones","status":"publish","type":"page","link":"https:\/\/cobatabjoven.org\/nmccems\/index.php\/progresiones\/","title":{"rendered":"Progresiones"},"content":{"rendered":"\n<p>Espacio integrado por las progresiones de los recursos sociocognitivos, las \u00e1reas de conocimiento, los recursos socioemocionales y los \u00e1mbitos de formaci\u00f3n socioemocional.<\/p>\n\n\n\n<h3 class=\"wp-block-heading\" style=\"font-style:normal;font-weight:500\"><strong>\u00c1reas de conocimiento<\/strong><\/h3>\n\n\n\n<div class=\"wp-block-columns is-layout-flex wp-container-4\">\n<div class=\"wp-block-column is-layout-flow\">\n<figure class=\"wp-block-image size-full is-resized\"><a href=\"https:\/\/dgb.sep.gob.mx\/wp-content\/uploads\/2023\/04\/Progresiones-de-aprendizaje-CNEyT.pdf\"><img decoding=\"async\" loading=\"lazy\" src=\"https:\/\/cobatabjoven.org\/nmccems\/wp-content\/uploads\/2023\/07\/Captura-de-pantalla-2023-07-05-062544.png\" alt=\"\" class=\"wp-image-343\" width=\"309\" height=\"393\"\/><\/a><\/figure>\n<\/div>\n\n\n\n<div class=\"wp-block-column is-layout-flow\">\n<figure class=\"wp-block-image size-full is-resized\"><a href=\"https:\/\/dgb.sep.gob.mx\/wp-content\/uploads\/2023\/04\/Progresiones-de-aprendizaje-Humanidades.pdf\"><img decoding=\"async\" loading=\"lazy\" src=\"https:\/\/cobatabjoven.org\/nmccems\/wp-content\/uploads\/2023\/07\/Captura-de-pantalla-2023-07-05-062524.png\" alt=\"\" class=\"wp-image-344\" width=\"309\" height=\"393\"\/><\/a><\/figure>\n<\/div>\n\n\n\n<div class=\"wp-block-column is-layout-flow\">\n<figure class=\"wp-block-image size-full is-resized\"><a href=\"https:\/\/dgb.sep.gob.mx\/wp-content\/uploads\/2023\/04\/Progresiones-de-aprendizaje-Ciencias-Sociales.pdf\"><img decoding=\"async\" loading=\"lazy\" src=\"https:\/\/cobatabjoven.org\/nmccems\/wp-content\/uploads\/2023\/07\/Captura-de-pantalla-2023-07-05-062511.png\" alt=\"\" class=\"wp-image-345\" width=\"309\" height=\"393\"\/><\/a><\/figure>\n<\/div>\n<\/div>\n\n\n\n<p><\/p>\n\n\n\n<h3 class=\"wp-block-heading\"><strong>Recursos sociocognitivos<\/strong><\/h3>\n\n\n\n<div class=\"wp-block-columns is-layout-flex wp-container-8\">\n<div class=\"wp-block-column is-layout-flow\">\n<figure class=\"wp-block-image size-full is-resized\"><a href=\"https:\/\/dgb.sep.gob.mx\/wp-content\/uploads\/2023\/04\/Progresiones-de-aprendizaje-Cultura-Digital.pdf\"><img decoding=\"async\" loading=\"lazy\" src=\"https:\/\/cobatabjoven.org\/nmccems\/wp-content\/uploads\/2023\/07\/Captura-de-pantalla-2023-07-05-062622.png\" alt=\"\" class=\"wp-image-341\" width=\"309\" height=\"393\"\/><\/a><\/figure>\n<\/div>\n\n\n\n<div class=\"wp-block-column is-layout-flow\">\n<figure class=\"wp-block-image size-full is-resized\"><a href=\"https:\/\/dgb.sep.gob.mx\/wp-content\/uploads\/2023\/04\/Progresiones-de-aprendizaje-Lengua-y-Comuncacion.pdf\"><img decoding=\"async\" loading=\"lazy\" src=\"https:\/\/cobatabjoven.org\/nmccems\/wp-content\/uploads\/2023\/07\/Captura-de-pantalla-2023-07-05-062637.png\" alt=\"\" class=\"wp-image-340\" width=\"309\" height=\"393\" srcset=\"https:\/\/cobatabjoven.org\/nmccems\/wp-content\/uploads\/2023\/07\/Captura-de-pantalla-2023-07-05-062637-46x60.png 46w, https:\/\/cobatabjoven.org\/nmccems\/wp-content\/uploads\/2023\/07\/Captura-de-pantalla-2023-07-05-062637-417x530.png 417w\" sizes=\"(max-width: 309px) 100vw, 309px\" \/><\/a><\/figure>\n<\/div>\n\n\n\n<div class=\"wp-block-column is-layout-flow\">\n<figure class=\"wp-block-image size-full is-resized\"><a href=\"https:\/\/dgb.sep.gob.mx\/wp-content\/uploads\/2023\/04\/Progresiones-de-aprendizaje-Pensamiento-Matematico-2.pdf\"><img decoding=\"async\" loading=\"lazy\" src=\"https:\/\/cobatabjoven.org\/nmccems\/wp-content\/uploads\/2023\/07\/Captura-de-pantalla-2023-07-05-062655.png\" alt=\"\" class=\"wp-image-339\" width=\"309\" height=\"393\"\/><\/a><\/figure>\n<\/div>\n<\/div>\n\n\n\n<div class=\"wp-block-columns is-layout-flex wp-container-12\">\n<div class=\"wp-block-column is-layout-flow\">\n<figure class=\"wp-block-image size-full is-resized\"><a href=\"https:\/\/dgb.sep.gob.mx\/wp-content\/uploads\/2023\/04\/Progresiones-de-aprendizaje-Conciencia-historica.pdf\"><img decoding=\"async\" loading=\"lazy\" src=\"https:\/\/cobatabjoven.org\/nmccems\/wp-content\/uploads\/2023\/07\/Captura-de-pantalla-2023-07-05-062603.png\" alt=\"\" class=\"wp-image-342\" width=\"309\" height=\"393\"\/><\/a><\/figure>\n<\/div>\n\n\n\n<div class=\"wp-block-column is-layout-flow\">\n<figure class=\"wp-block-image size-full is-resized\"><a href=\"https:\/\/dgb.sep.gob.mx\/wp-content\/uploads\/2023\/04\/Progresiones-de-aprendizaje-Ingles.pdf\"><img decoding=\"async\" loading=\"lazy\" src=\"https:\/\/cobatabjoven.org\/nmccems\/wp-content\/uploads\/2023\/07\/Captura-de-pantalla-2023-07-05-062712.png\" alt=\"\" class=\"wp-image-338\" width=\"309\" height=\"393\"\/><\/a><\/figure>\n<\/div>\n\n\n\n<div class=\"wp-block-column is-layout-flow\"><\/div>\n<\/div>\n\n\n\n<p><\/p>\n\n\n\n<h3 class=\"wp-block-heading\"><strong>\u00c1mbitos de Formaci\u00f3n Socioemocional<\/strong><\/h3>\n\n\n\n<div class=\"wp-block-columns is-layout-flex wp-container-16\">\n<div class=\"wp-block-column is-layout-flow\">\n<figure class=\"wp-block-image size-full is-resized\"><a href=\"https:\/\/dgb.sep.gob.mx\/wp-content\/uploads\/2023\/04\/Progresiones-de-Aprendizaje-EPS-2.pdf\"><img decoding=\"async\" loading=\"lazy\" src=\"https:\/\/cobatabjoven.org\/nmccems\/wp-content\/uploads\/2023\/07\/Captura-de-pantalla-2023-07-05-062814.png\" alt=\"\" class=\"wp-image-334\" width=\"309\" height=\"393\"\/><\/a><\/figure>\n<\/div>\n\n\n\n<div class=\"wp-block-column is-layout-flow\">\n<figure class=\"wp-block-image size-full is-resized\"><a href=\"https:\/\/dgb.sep.gob.mx\/wp-content\/uploads\/2023\/04\/Progresiones-de-Aprendizaje-AAyC-2.pdf\"><img decoding=\"async\" loading=\"lazy\" src=\"https:\/\/cobatabjoven.org\/nmccems\/wp-content\/uploads\/2023\/07\/Captura-de-pantalla-2023-07-05-062729.png\" alt=\"\" class=\"wp-image-337\" width=\"309\" height=\"393\" srcset=\"https:\/\/cobatabjoven.org\/nmccems\/wp-content\/uploads\/2023\/07\/Captura-de-pantalla-2023-07-05-062729-46x60.png 46w, https:\/\/cobatabjoven.org\/nmccems\/wp-content\/uploads\/2023\/07\/Captura-de-pantalla-2023-07-05-062729-418x530.png 418w\" sizes=\"(max-width: 309px) 100vw, 309px\" \/><\/a><\/figure>\n<\/div>\n\n\n\n<div class=\"wp-block-column is-layout-flow\">\n<figure class=\"wp-block-image size-full is-resized\"><a href=\"https:\/\/dgb.sep.gob.mx\/wp-content\/uploads\/2023\/04\/Progresiones-de-Aprendizaje-AFyD-2.pdf\"><img decoding=\"async\" loading=\"lazy\" src=\"https:\/\/cobatabjoven.org\/nmccems\/wp-content\/uploads\/2023\/07\/Captura-de-pantalla-2023-07-05-062746.png\" alt=\"\" class=\"wp-image-336\" width=\"309\" height=\"393\"\/><\/a><\/figure>\n<\/div>\n<\/div>\n\n\n\n<div class=\"wp-block-columns is-layout-flex wp-container-20\">\n<div class=\"wp-block-column is-layout-flow\">\n<figure class=\"wp-block-image size-full is-resized\"><a href=\"https:\/\/dgb.sep.gob.mx\/wp-content\/uploads\/2023\/04\/Progresiones-de-Aprendizaje-PCC-2.pdf\"><img decoding=\"async\" loading=\"lazy\" src=\"https:\/\/cobatabjoven.org\/nmccems\/wp-content\/uploads\/2023\/07\/Captura-de-pantalla-2023-07-05-062843.png\" alt=\"\" class=\"wp-image-333\" width=\"309\" height=\"393\"\/><\/a><\/figure>\n<\/div>\n\n\n\n<div class=\"wp-block-column is-layout-flow\">\n<figure class=\"wp-block-image size-full is-resized\"><a href=\"https:\/\/dgb.sep.gob.mx\/wp-content\/uploads\/2023\/04\/Progresiones-de-Aprendizaje-EISYG-2.pdf\"><img decoding=\"async\" loading=\"lazy\" src=\"https:\/\/cobatabjoven.org\/nmccems\/wp-content\/uploads\/2023\/07\/Captura-de-pantalla-2023-07-05-062758.png\" alt=\"\" class=\"wp-image-335\" width=\"309\" height=\"393\" srcset=\"https:\/\/cobatabjoven.org\/nmccems\/wp-content\/uploads\/2023\/07\/Captura-de-pantalla-2023-07-05-062758-46x60.png 46w, https:\/\/cobatabjoven.org\/nmccems\/wp-content\/uploads\/2023\/07\/Captura-de-pantalla-2023-07-05-062758-418x530.png 418w\" sizes=\"(max-width: 309px) 100vw, 309px\" \/><\/a><\/figure>\n<\/div>\n\n\n\n<div class=\"wp-block-column is-layout-flow\"><\/div>\n<\/div>\n<div class=\"pvc_clear\"><\/div><p id=\"pvc_stats_94\" class=\"pvc_stats all  \" data-element-id=\"94\" style=\"\"><i class=\"pvc-stats-icon medium\" aria-hidden=\"true\"><svg aria-hidden=\"true\" focusable=\"false\" data-prefix=\"far\" data-icon=\"chart-bar\" role=\"img\" xmlns=\"http:\/\/www.w3.org\/2000\/svg\" viewBox=\"0 0 512 512\" class=\"svg-inline--fa fa-chart-bar fa-w-16 fa-2x\"><path fill=\"currentColor\" d=\"M396.8 352h22.4c6.4 0 12.8-6.4 12.8-12.8V108.8c0-6.4-6.4-12.8-12.8-12.8h-22.4c-6.4 0-12.8 6.4-12.8 12.8v230.4c0 6.4 6.4 12.8 12.8 12.8zm-192 0h22.4c6.4 0 12.8-6.4 12.8-12.8V140.8c0-6.4-6.4-12.8-12.8-12.8h-22.4c-6.4 0-12.8 6.4-12.8 12.8v198.4c0 6.4 6.4 12.8 12.8 12.8zm96 0h22.4c6.4 0 12.8-6.4 12.8-12.8V204.8c0-6.4-6.4-12.8-12.8-12.8h-22.4c-6.4 0-12.8 6.4-12.8 12.8v134.4c0 6.4 6.4 12.8 12.8 12.8zM496 400H48V80c0-8.84-7.16-16-16-16H16C7.16 64 0 71.16 0 80v336c0 17.67 14.33 32 32 32h464c8.84 0 16-7.16 16-16v-16c0-8.84-7.16-16-16-16zm-387.2-48h22.4c6.4 0 12.8-6.4 12.8-12.8v-70.4c0-6.4-6.4-12.8-12.8-12.8h-22.4c-6.4 0-12.8 6.4-12.8 12.8v70.4c0 6.4 6.4 12.8 12.8 12.8z\" class=\"\"><\/path><\/svg><\/i> <img decoding=\"async\" loading=\"lazy\" width=\"16\" height=\"16\" alt=\"Loading\" src=\"https:\/\/cobatabjoven.org\/nmccems\/wp-content\/plugins\/page-views-count\/ajax-loader-2x.gif\" border=0 \/><\/p><div class=\"pvc_clear\"><\/div>","protected":false},"excerpt":{"rendered":"<p>Espacio integrado por las progresiones de los recursos sociocognitivos, las \u00e1reas de conocimiento, los recursos socioemocionales y los \u00e1mbitos de formaci\u00f3n socioemocional. \u00c1reas de conocimiento &hellip; <\/p>\n<div class=\"pvc_clear\"><\/div>\n<p id=\"pvc_stats_94\" class=\"pvc_stats all  \" data-element-id=\"94\" style=\"\"><i class=\"pvc-stats-icon medium\" aria-hidden=\"true\"><svg aria-hidden=\"true\" focusable=\"false\" data-prefix=\"far\" data-icon=\"chart-bar\" role=\"img\" xmlns=\"http:\/\/www.w3.org\/2000\/svg\" viewBox=\"0 0 512 512\" class=\"svg-inline--fa fa-chart-bar fa-w-16 fa-2x\"><path fill=\"currentColor\" d=\"M396.8 352h22.4c6.4 0 12.8-6.4 12.8-12.8V108.8c0-6.4-6.4-12.8-12.8-12.8h-22.4c-6.4 0-12.8 6.4-12.8 12.8v230.4c0 6.4 6.4 12.8 12.8 12.8zm-192 0h22.4c6.4 0 12.8-6.4 12.8-12.8V140.8c0-6.4-6.4-12.8-12.8-12.8h-22.4c-6.4 0-12.8 6.4-12.8 12.8v198.4c0 6.4 6.4 12.8 12.8 12.8zm96 0h22.4c6.4 0 12.8-6.4 12.8-12.8V204.8c0-6.4-6.4-12.8-12.8-12.8h-22.4c-6.4 0-12.8 6.4-12.8 12.8v134.4c0 6.4 6.4 12.8 12.8 12.8zM496 400H48V80c0-8.84-7.16-16-16-16H16C7.16 64 0 71.16 0 80v336c0 17.67 14.33 32 32 32h464c8.84 0 16-7.16 16-16v-16c0-8.84-7.16-16-16-16zm-387.2-48h22.4c6.4 0 12.8-6.4 12.8-12.8v-70.4c0-6.4-6.4-12.8-12.8-12.8h-22.4c-6.4 0-12.8 6.4-12.8 12.8v70.4c0 6.4 6.4 12.8 12.8 12.8z\" class=\"\"><\/path><\/svg><\/i> <img decoding=\"async\" loading=\"lazy\" width=\"16\" height=\"16\" alt=\"Loading\" src=\"https:\/\/cobatabjoven.org\/nmccems\/wp-content\/plugins\/page-views-count\/ajax-loader-2x.gif\" border=0 \/><\/p>\n<div class=\"pvc_clear\"><\/div>\n","protected":false},"author":1,"featured_media":0,"parent":0,"menu_order":0,"comment_status":"closed","ping_status":"closed","template":"","meta":[],"_links":{"self":[{"href":"https:\/\/cobatabjoven.org\/nmccems\/index.php\/wp-json\/wp\/v2\/pages\/94"}],"collection":[{"href":"https:\/\/cobatabjoven.org\/nmccems\/index.php\/wp-json\/wp\/v2\/pages"}],"about":[{"href":"https:\/\/cobatabjoven.org\/nmccems\/index.php\/wp-json\/wp\/v2\/types\/page"}],"author":[{"embeddable":true,"href":"https:\/\/cobatabjoven.org\/nmccems\/index.php\/wp-json\/wp\/v2\/users\/1"}],"replies":[{"embeddable":true,"href":"https:\/\/cobatabjoven.org\/nmccems\/index.php\/wp-json\/wp\/v2\/comments?post=94"}],"version-history":[{"count":13,"href":"https:\/\/cobatabjoven.org\/nmccems\/index.php\/wp-json\/wp\/v2\/pages\/94\/revisions"}],"predecessor-version":[{"id":353,"href":"https:\/\/cobatabjoven.org\/nmccems\/index.php\/wp-json\/wp\/v2\/pages\/94\/revisions\/353"}],"wp:attachment":[{"href":"https:\/\/cobatabjoven.org\/nmccems\/index.php\/wp-json\/wp\/v2\/media?parent=94"}],"curies":[{"name":"wp","href":"https:\/\/api.w.org\/{rel}","templated":true}]}}